{"id":15,"date":"2021-04-21T16:23:39","date_gmt":"2021-04-21T16:23:39","guid":{"rendered":"http:\/\/kohinoorbazar.pbw.hu\/?page_id=15"},"modified":"2022-08-25T20:22:46","modified_gmt":"2022-08-25T20:22:46","slug":"rolunk","status":"publish","type":"page","link":"https:\/\/kohinoorbazar.com\/en\/rolunk\/","title":{"rendered":"About us"},"content":{"rendered":"<div id=\"pl-15\"  class=\"panel-layout\" ><div id=\"pg-15-0\"  class=\"panel-grid panel-no-style\" ><div id=\"pgc-15-0-0\"  class=\"panel-grid-cell\" ><div id=\"panel-15-0-0-0\" class=\"so-panel widget widget_sow-editor panel-first-child panel-last-child\" data-index=\"0\" ><div class=\"so-widget-sow-editor so-widget-sow-editor-base\">\n<div class=\"siteorigin-widget-tinymce textwidget\">\n\t<p>Since 2011 Kohinoor Baz\u00e1r <strong>Budapest<\/strong> has been welcoming its customers at <strong>1085 Budapest, J\u00f3zsef krt 23.<\/strong> After in 2017 opened our next store Kohinoor Baz\u00e1r <strong>Debrecen<\/strong> (4026 Debrecen, Darabos utca 4). After this opened our third store the Kohinoor Baz\u00e1r <strong>Szeged<\/strong> (6722 Szeged, M\u00e9rey utca 6B) in 2021.<\/p>\n<p><strong>In our stores, we are waiting for lovers of special cuisines with a constantly expanding selection. <\/strong><br \/>\nCurrently available <strong>pakistani,indian,iranian,arabic,south-american and african<\/strong> groceries.<\/p>\n<p>In case you would like to surprise your family or friends with a special lunch or dinner and after you would like to take a <strong>cup of tea and sit next to waterpipe<\/strong> till you chat with them than you are in best place. In our store you ll find all ingredients for it.<\/p>\n<p>Visit us!<\/p>\n<p><img loading=\"lazy\" decoding=\"async\" class=\"aligncenter wp-image-1303 size-medium\" src=\"http:\/\/kohinoorbazar.com\/wp-content\/uploads\/2022\/08\/logo-gasztro-gold-400-2021-e1661458909730-300x217.png\" alt=\"Turul Gasztron\u00f3mia GOLD 2021\" width=\"300\" height=\"217\" srcset=\"https:\/\/kohinoorbazar.com\/wp-content\/uploads\/2022\/08\/logo-gasztro-gold-400-2021-e1661458909730-300x217.png 300w, https:\/\/kohinoorbazar.com\/wp-content\/uploads\/2022\/08\/logo-gasztro-gold-400-2021-e1661458909730-83x60.png 83w, https:\/\/kohinoorbazar.com\/wp-content\/uploads\/2022\/08\/logo-gasztro-gold-400-2021-e1661458909730.png 317w\" sizes=\"auto, (max-width: 300px) 100vw, 300px\" \/><\/p>\n<\/div>\n<\/div><\/div><\/div><\/div><\/div>","protected":false},"excerpt":{"rendered":"<p>Since 2011 Kohinoor Baz\u00e1r Budapest has been welcoming its customers at 1085 Budapest, J\u00f3zsef krt 23. After in 2017 opened our next store Kohinoor Baz\u00e1r Debrecen (4026 Debrecen, Darabos utca 4). After this opened our third store the Kohinoor Baz\u00e1r Szeged (6722 Szeged, M\u00e9rey utca 6B) in 2021. In our stores, we are waiting for &hellip; <\/p>\n","protected":false},"author":1,"featured_media":0,"parent":0,"menu_order":0,"comment_status":"closed","ping_status":"closed","template":"","meta":{"footnotes":""},"class_list":["post-15","page","type-page","status-publish","hentry","latest_post"],"yoast_head":"<!-- This site is optimized with the Yoast SEO plugin v16.3 - https:\/\/yoast.com\/wordpress\/plugins\/seo\/ -->\n<title>About us - Kohinoor Baz\u00e1r<\/title>\n<meta name=\"robots\" content=\"index, follow, max-snippet:-1, max-image-preview:large, max-video-preview:-1\" \/>\n<link rel=\"canonical\" href=\"https:\/\/kohinoorbazar.com\/en\/rolunk\/\" \/>\n<meta property=\"og:locale\" content=\"en_GB\" \/>\n<meta property=\"og:type\" content=\"article\" \/>\n<meta property=\"og:title\" content=\"About us\" \/>\n<meta property=\"og:description\" content=\"Since 2011 Kohinoor Baz\u00e1r Budapest has been welcoming its customers at 1085 Budapest, J\u00f3zsef krt 23. After in 2017 opened our next store Kohinoor Baz\u00e1r Debrecen (4026 Debrecen, Darabos utca 4). After this opened our third store the Kohinoor Baz\u00e1r Szeged (6722 Szeged, M\u00e9rey utca 6B) in 2021. In our stores, we are waiting for &hellip;\" \/>\n<meta property=\"og:url\" content=\"https:\/\/kohinoorbazar.com\/en\/rolunk\/\" \/>\n<meta property=\"og:site_name\" content=\"Kohinoor Baz\u00e1r\" \/>\n<meta property=\"article:modified_time\" content=\"2022-08-25T20:22:46+00:00\" \/>\n<meta property=\"og:image\" content=\"http:\/\/kohinoorbazar.com\/wp-content\/uploads\/2022\/08\/logo-gasztro-gold-400-2021-e1661458909730-300x217.png\" \/>\n<meta name=\"twitter:card\" content=\"summary_large_image\" \/>\n<meta name=\"twitter:label1\" content=\"Estimated reading time\">\n\t<meta name=\"twitter:data1\" content=\"1 minute\">\n<script type=\"application\/ld+json\" class=\"yoast-schema-graph\">{\"@context\":\"https:\/\/schema.org\",\"@graph\":[{\"@type\":\"WebSite\",\"@id\":\"http:\/\/kohinoorbazar.com\/#website\",\"url\":\"http:\/\/kohinoorbazar.com\/\",\"name\":\"Kohinoor Baz\\u00e1r\",\"description\":\"\",\"potentialAction\":[{\"@type\":\"SearchAction\",\"target\":\"http:\/\/kohinoorbazar.com\/?s={search_term_string}\",\"query-input\":\"required name=search_term_string\"}],\"inLanguage\":\"en-GB\"},{\"@type\":\"ImageObject\",\"@id\":\"https:\/\/kohinoorbazar.com\/en\/rolunk\/#primaryimage\",\"inLanguage\":\"en-GB\",\"url\":\"http:\/\/kohinoorbazar.com\/wp-content\/uploads\/2022\/08\/logo-gasztro-gold-400-2021-e1661458909730-300x217.png\",\"contentUrl\":\"http:\/\/kohinoorbazar.com\/wp-content\/uploads\/2022\/08\/logo-gasztro-gold-400-2021-e1661458909730-300x217.png\"},{\"@type\":\"WebPage\",\"@id\":\"https:\/\/kohinoorbazar.com\/en\/rolunk\/#webpage\",\"url\":\"https:\/\/kohinoorbazar.com\/en\/rolunk\/\",\"name\":\"[:hu]R\\u00f3lunk[:en]About us[:] - Kohinoor Baz\\u00e1r\",\"isPartOf\":{\"@id\":\"http:\/\/kohinoorbazar.com\/#website\"},\"primaryImageOfPage\":{\"@id\":\"https:\/\/kohinoorbazar.com\/en\/rolunk\/#primaryimage\"},\"datePublished\":\"2021-04-21T16:23:39+00:00\",\"dateModified\":\"2022-08-25T20:22:46+00:00\",\"breadcrumb\":{\"@id\":\"https:\/\/kohinoorbazar.com\/en\/rolunk\/#breadcrumb\"},\"inLanguage\":\"en-GB\",\"potentialAction\":[{\"@type\":\"ReadAction\",\"target\":[\"https:\/\/kohinoorbazar.com\/en\/rolunk\/\"]}]},{\"@type\":\"BreadcrumbList\",\"@id\":\"https:\/\/kohinoorbazar.com\/en\/rolunk\/#breadcrumb\",\"itemListElement\":[{\"@type\":\"ListItem\",\"position\":1,\"item\":{\"@type\":\"WebPage\",\"@id\":\"http:\/\/kohinoorbazar.com\/\",\"url\":\"http:\/\/kohinoorbazar.com\/\",\"name\":\"Kezd\\u0151lap\"}},{\"@type\":\"ListItem\",\"position\":2,\"item\":{\"@id\":\"https:\/\/kohinoorbazar.com\/en\/rolunk\/#webpage\"}}]}]}<\/script>\n<!-- \/ Yoast SEO plugin. -->","_links":{"self":[{"href":"https:\/\/kohinoorbazar.com\/en\/wp-json\/wp\/v2\/pages\/15","targetHints":{"allow":["GET"]}}],"collection":[{"href":"https:\/\/kohinoorbazar.com\/en\/wp-json\/wp\/v2\/pages"}],"about":[{"href":"https:\/\/kohinoorbazar.com\/en\/wp-json\/wp\/v2\/types\/page"}],"author":[{"embeddable":true,"href":"https:\/\/kohinoorbazar.com\/en\/wp-json\/wp\/v2\/users\/1"}],"replies":[{"embeddable":true,"href":"https:\/\/kohinoorbazar.com\/en\/wp-json\/wp\/v2\/comments?post=15"}],"version-history":[{"count":42,"href":"https:\/\/kohinoorbazar.com\/en\/wp-json\/wp\/v2\/pages\/15\/revisions"}],"predecessor-version":[{"id":1283,"href":"https:\/\/kohinoorbazar.com\/en\/wp-json\/wp\/v2\/pages\/15\/revisions\/1283"}],"wp:attachment":[{"href":"https:\/\/kohinoorbazar.com\/en\/wp-json\/wp\/v2\/media?parent=15"}],"curies":[{"name":"wp","href":"https:\/\/api.w.org\/{rel}","templated":true}]}}