{"id":455,"date":"2021-04-29T11:37:26","date_gmt":"2021-04-29T11:37:26","guid":{"rendered":"http:\/\/kohinoorbazar.pbw.hu\/?page_id=455"},"modified":"2022-09-16T12:06:47","modified_gmt":"2022-09-16T12:06:47","slug":"kapcsolat","status":"publish","type":"page","link":"https:\/\/kohinoorbazar.com\/en\/kapcsolat\/","title":{"rendered":"Contact"},"content":{"rendered":"<div id=\"pl-455\"  class=\"panel-layout\" ><div id=\"pg-455-0\"  class=\"panel-grid panel-no-style\" ><div id=\"pgc-455-0-0\"  class=\"panel-grid-cell\" ><div id=\"panel-455-0-0-0\" class=\"so-panel widget widget_bttk_icon_text_widget panel-first-child panel-last-child\" data-index=\"0\" >            <div class=\"rtc-itw-holder\">\r\n                <div class=\"rtc-itw-inner-holder\">\r\n                    <div class=\"text-holder\">\r\n                    <h3 class=\"widget-title\">Central telephone number<\/h3><div class=\"content\"><p>+36 (1) 787 9105<\/p>\n<\/div>                              \r\n                    <\/div>\r\n                                            <div class=\"icon-holder\">\r\n                            <span class=\"fas fa-phone\"><\/span>\r\n                        <\/div>\r\n                                    <\/div>\r\n            <\/div>\r\n        <\/div><\/div><div id=\"pgc-455-0-1\"  class=\"panel-grid-cell\" ><div id=\"panel-455-0-1-0\" class=\"so-panel widget widget_bttk_icon_text_widget panel-first-child panel-last-child\" data-index=\"1\" >            <div class=\"rtc-itw-holder\">\r\n                <div class=\"rtc-itw-inner-holder\">\r\n                    <div class=\"text-holder\">\r\n                    <h3 class=\"widget-title\">Address<\/h3><div class=\"content\"><p>J\u00f3zsef krt. 23 Budapest 1085<\/p>\n<\/div>                              \r\n                    <\/div>\r\n                                            <div class=\"icon-holder\">\r\n                            <span class=\"fas fa-map-marker-alt\"><\/span>\r\n                        <\/div>\r\n                                    <\/div>\r\n            <\/div>\r\n        <\/div><\/div><\/div><div id=\"pg-455-1\"  class=\"panel-grid panel-has-style\" ><div class=\"siteorigin-panels-stretch panel-row-style panel-row-style-for-455-1\" data-stretch-type=\"full\" ><div id=\"pgc-455-1-0\"  class=\"panel-grid-cell\" ><div id=\"panel-455-1-0-0\" class=\"so-panel widget widget_sow-editor panel-first-child panel-last-child\" data-index=\"2\" ><div class=\"so-widget-sow-editor so-widget-sow-editor-base\">\n<div class=\"siteorigin-widget-tinymce textwidget\">\n\t<p><iframe src=\"https:\/\/www.google.com\/maps\/embed?pb=!1m18!1m12!1m3!1d2695.7815068081827!2d19.07095722169058!3d47.49416966149648!2m3!1f0!2f0!3f0!3m2!1i1024!2i768!4f13.1!3m3!1m2!1s0x4741dc5e7176803f%3A0x63c427adf007c156!2zS29oaW5vb3IgQmF6w6FyIFBha2lzenTDoW5pIGbFsXN6ZXJlayDDqXMgw6lsZWxtaXN6ZXJlaw!5e0!3m2!1shu!2shu!4v1619698988909!5m2!1shu!2shu\" width=\"100%\" height=\"450\" style=\"border:0;\" allowfullscreen=\"\" loading=\"lazy\"><\/iframe><\/p>\n<\/div>\n<\/div><\/div><\/div><\/div><\/div><div id=\"pg-455-2\"  class=\"panel-grid panel-no-style\" ><div id=\"pgc-455-2-0\"  class=\"panel-grid-cell\" ><div id=\"panel-455-2-0-0\" class=\"so-panel widget widget_sow-editor panel-first-child panel-last-child\" data-index=\"3\" ><div class=\"so-widget-sow-editor so-widget-sow-editor-base\"><h3 class=\"widget-title\">Our stores<\/h3>\n<div class=\"siteorigin-widget-tinymce textwidget\">\n\t<div class=\"siteorigin-widget-tinymce textwidget\">\n\t<\/div>\n<\/div>\n<\/div><\/div><\/div><\/div><div id=\"pg-455-3\"  class=\"panel-grid panel-has-style\" ><div class=\"panel-row-style panel-row-style-for-455-3\" ><div id=\"pgc-455-3-0\"  class=\"panel-grid-cell\" ><div id=\"panel-455-3-0-0\" class=\"so-panel widget widget_sow-editor panel-first-child\" data-index=\"4\" ><div class=\"so-widget-sow-editor so-widget-sow-editor-base\">\n<div class=\"siteorigin-widget-tinymce textwidget\">\n\t<h3>KOHINOOR BAZ\u00c1R | <span style=\"color: #bf8f00;\">BUDAPEST<\/span><\/h3>\n<\/div>\n<\/div><\/div><div id=\"panel-455-3-0-1\" class=\"so-panel widget widget_sow-editor\" data-index=\"5\" ><div class=\"so-widget-sow-editor so-widget-sow-editor-base\">\n<div class=\"siteorigin-widget-tinymce textwidget\">\n\t<div class=\"title-holder\"><svg class=\"svg-inline--fa fa-phone fa-w-16\" aria-hidden=\"true\" data-prefix=\"fas\" data-icon=\"phone\" role=\"img\" xmlns=\"http:\/\/www.w3.org\/2000\/svg\" viewBox=\"0 0 512 512\" data-fa-i2svg=\"\"><path fill=\"currentColor\" d=\"M493.4 24.6l-104-24c-11.3-2.6-22.9 3.3-27.5 13.9l-48 112c-4.2 9.8-1.4 21.3 6.9 28l60.6 49.6c-36 76.7-98.9 140.5-177.2 177.2l-49.6-60.6c-6.8-8.3-18.2-11.1-28-6.9l-112 48C3.9 366.5-2 378.1.6 389.4l24 104C27.1 504.2 36.7 512 48 512c256.1 0 464-207.5 464-464 0-11.2-7.7-20.9-18.6-23.4z\"><\/path><\/svg> +36 (1) 787 9105<\/div>\n<div class=\"author-bio-content\">\n<svg class=\"svg-inline--fa fa-map-marker-alt fa-w-12\" aria-hidden=\"true\" data-prefix=\"fas\" data-icon=\"map-marker-alt\" role=\"img\" xmlns=\"http:\/\/www.w3.org\/2000\/svg\" viewBox=\"0 0 384 512\" data-fa-i2svg=\"\"><path fill=\"currentColor\" d=\"M172.268 501.67C26.97 291.031 0 269.413 0 192 0 85.961 85.961 0 192 0s192 85.961 192 192c0 77.413-26.97 99.031-172.268 309.67-9.535 13.774-29.93 13.773-39.464 0zM192 272c44.183 0 80-35.817 80-80s-35.817-80-80-80-80 35.817-80 80 35.817 80 80 80z\"><\/path><\/svg> J\u00f3zsef krt. 23 Budapest 1085\n<\/div>\n<\/div>\n<\/div><\/div><div id=\"panel-455-3-0-2\" class=\"so-panel widget widget_sow-editor\" data-index=\"6\" ><div class=\"panel-widget-style panel-widget-style-for-455-3-0-2\" ><div class=\"so-widget-sow-editor so-widget-sow-editor-base\">\n<div class=\"siteorigin-widget-tinymce textwidget\">\n\t<h4 style=\"margin: 0;\">Follow us on Facebook!<\/h4>\n<\/div>\n<\/div><\/div><\/div><div id=\"panel-455-3-0-3\" class=\"so-panel widget widget_sow-social-media-buttons panel-last-child\" data-index=\"7\" ><div class=\"so-widget-sow-social-media-buttons so-widget-sow-social-media-buttons-wire-55301992b343\">\n\n<div class=\"social-media-button-container\">\n\t\n\t\t<a class=\"ow-button-hover sow-social-media-button-facebook-0 sow-social-media-button\" title=\"Kohinoor Baz\u00e1r on Facebook\" aria-label=\"Kohinoor Baz\u00e1r on Facebook\" target=\"_blank\" rel=\"noopener noreferrer\" href=\"https:\/\/www.facebook.com\/Kohinoor-Baz%C3%A1r-949568398407776\/\" >\n\t\t\t<span>\n\t\t\t\t\t\t\t\t<span class=\"sow-icon-fontawesome sow-fab\" data-sow-icon=\"&#xf39e;\"\n\t\t ><\/span>\t\t\t\t\t\t\t<\/span>\n\t\t<\/a>\n\t<\/div>\n<\/div><\/div><\/div><div id=\"pgc-455-3-1\"  class=\"panel-grid-cell\" ><div id=\"panel-455-3-1-0\" class=\"so-panel widget widget_sow-editor panel-first-child\" data-index=\"8\" ><div class=\"so-widget-sow-editor so-widget-sow-editor-base\">\n<div class=\"siteorigin-widget-tinymce textwidget\">\n\t<div class=\"title-holder\">\n<div dir=\"auto\">\n<div dir=\"auto\"><strong>Opening Hours<\/strong><\/div>\n<div dir=\"auto\">Monday-Friday <span style=\"color: #339966;\">10:00-20:00<\/span><\/div>\n<div dir=\"auto\">Saturday <span style=\"color: #339966;\">10:00-17:00<\/span><\/div>\n<div dir=\"auto\">Sunday <span style=\"color: #ff0000;\">Closed<\/span><\/div>\n<\/div>\n<\/div>\n<\/div>\n<\/div><\/div><div id=\"panel-455-3-1-1\" class=\"so-panel widget widget_sow-editor panel-last-child\" data-index=\"9\" ><div class=\"so-widget-sow-editor so-widget-sow-editor-base\">\n<div class=\"siteorigin-widget-tinymce textwidget\">\n\t<p><iframe src=\"https:\/\/www.google.com\/maps\/embed?pb=!4v1620210539559!6m8!1m7!1sCAoSLEFGMVFpcE0wYmkxZnYxYUUwRmpFa0w4bHBtRi0zSS1PcGFQLS1wYWlTN3Z2!2m2!1d47.494168493895!2d19.070856807324!3f247.98!4f-0.12000000000000455!5f0.7820865974627469\" width=\"100%\" height=\"250\" style=\"border:0;\" allowfullscreen=\"\" loading=\"lazy\"><\/iframe><\/p>\n<\/div>\n<\/div><\/div><\/div><\/div><\/div><div id=\"pg-455-4\"  class=\"panel-grid panel-has-style\" ><div class=\"panel-row-style panel-row-style-for-455-4\" ><div id=\"pgc-455-4-0\"  class=\"panel-grid-cell\" ><div id=\"panel-455-4-0-0\" class=\"so-panel widget widget_sow-editor panel-first-child\" data-index=\"10\" ><div class=\"so-widget-sow-editor so-widget-sow-editor-base\">\n<div class=\"siteorigin-widget-tinymce textwidget\">\n\t<h3>KOHINOOR BAZ\u00c1R | <span style=\"color: #bf8f00;\">DEBRECEN<\/span><\/h3>\n<\/div>\n<\/div><\/div><div id=\"panel-455-4-0-1\" class=\"so-panel widget widget_sow-editor\" data-index=\"11\" ><div class=\"so-widget-sow-editor so-widget-sow-editor-base\">\n<div class=\"siteorigin-widget-tinymce textwidget\">\n\t<div class=\"title-holder\"><svg class=\"svg-inline--fa fa-phone fa-w-16\" aria-hidden=\"true\" data-prefix=\"fas\" data-icon=\"phone\" role=\"img\" xmlns=\"http:\/\/www.w3.org\/2000\/svg\" viewBox=\"0 0 512 512\" data-fa-i2svg=\"\"><path fill=\"currentColor\" d=\"M493.4 24.6l-104-24c-11.3-2.6-22.9 3.3-27.5 13.9l-48 112c-4.2 9.8-1.4 21.3 6.9 28l60.6 49.6c-36 76.7-98.9 140.5-177.2 177.2l-49.6-60.6c-6.8-8.3-18.2-11.1-28-6.9l-112 48C3.9 366.5-2 378.1.6 389.4l24 104C27.1 504.2 36.7 512 48 512c256.1 0 464-207.5 464-464 0-11.2-7.7-20.9-18.6-23.4z\"><\/path><\/svg> +36 (30) 296 5720<\/div>\n<div class=\"author-bio-content\">\n<svg class=\"svg-inline--fa fa-map-marker-alt fa-w-12\" aria-hidden=\"true\" data-prefix=\"fas\" data-icon=\"map-marker-alt\" role=\"img\" xmlns=\"http:\/\/www.w3.org\/2000\/svg\" viewBox=\"0 0 384 512\" data-fa-i2svg=\"\"><path fill=\"currentColor\" d=\"M172.268 501.67C26.97 291.031 0 269.413 0 192 0 85.961 85.961 0 192 0s192 85.961 192 192c0 77.413-26.97 99.031-172.268 309.67-9.535 13.774-29.93 13.773-39.464 0zM192 272c44.183 0 80-35.817 80-80s-35.817-80-80-80-80 35.817-80 80 35.817 80 80 80z\"><\/path><\/svg> Darabos utca 4 Debrecen 4026\n<\/div>\n<\/div>\n<\/div><\/div><div id=\"panel-455-4-0-2\" class=\"so-panel widget widget_sow-editor\" data-index=\"12\" ><div class=\"panel-widget-style panel-widget-style-for-455-4-0-2\" ><div class=\"so-widget-sow-editor so-widget-sow-editor-base\">\n<div class=\"siteorigin-widget-tinymce textwidget\">\n\t<h4 style=\"margin: 0;\">Follow us on Facebook!<\/h4>\n<\/div>\n<\/div><\/div><\/div><div id=\"panel-455-4-0-3\" class=\"so-panel widget widget_sow-social-media-buttons panel-last-child\" data-index=\"13\" ><div class=\"so-widget-sow-social-media-buttons so-widget-sow-social-media-buttons-wire-55301992b343\">\n\n<div class=\"social-media-button-container\">\n\t\n\t\t<a class=\"ow-button-hover sow-social-media-button-facebook-0 sow-social-media-button\" title=\"Kohinoor Baz\u00e1r on Facebook\" aria-label=\"Kohinoor Baz\u00e1r on Facebook\" target=\"_blank\" rel=\"noopener noreferrer\" href=\"https:\/\/www.facebook.com\/kohinoorbazardebrecen\/\" >\n\t\t\t<span>\n\t\t\t\t\t\t\t\t<span class=\"sow-icon-fontawesome sow-fab\" data-sow-icon=\"&#xf39e;\"\n\t\t ><\/span>\t\t\t\t\t\t\t<\/span>\n\t\t<\/a>\n\t<\/div>\n<\/div><\/div><\/div><div id=\"pgc-455-4-1\"  class=\"panel-grid-cell\" ><div id=\"panel-455-4-1-0\" class=\"so-panel widget widget_sow-editor panel-first-child\" data-index=\"14\" ><div class=\"so-widget-sow-editor so-widget-sow-editor-base\">\n<div class=\"siteorigin-widget-tinymce textwidget\">\n\t<div class=\"title-holder\">\n<div dir=\"auto\">\n<div dir=\"auto\"><strong>Opening Hours<\/strong><\/div>\n<div dir=\"auto\">Monday-Friday <span style=\"color: #339966;\">10:00-19:00<\/span><\/div>\n<div dir=\"auto\">Saturday <span style=\"color: #339966;\">10:00-18:00<\/span><\/div>\n<div dir=\"auto\">Sunday <span style=\"color: #ff0000;\">Closed<\/span><\/div>\n<\/div>\n<\/div>\n<\/div>\n<\/div><\/div><div id=\"panel-455-4-1-1\" class=\"so-panel widget widget_sow-editor panel-last-child\" data-index=\"15\" ><div class=\"so-widget-sow-editor so-widget-sow-editor-base\">\n<div class=\"siteorigin-widget-tinymce textwidget\">\n\t<p><iframe src=\"https:\/\/www.google.com\/maps\/embed?pb=!4v1620223224990!6m8!1m7!1sCAoSLEFGMVFpcE5OUEpJb3B6U19EZDgyQ2RNUkQxSjRwSUZudnFVTU8tQngzbENw!2m2!1d47.53493800343162!2d21.62359058547694!3f326.5!4f-0.8599999999999994!5f0.7820865974627469\" width=\"100%\" height=\"250\" style=\"border:0;\" allowfullscreen=\"\" loading=\"lazy\"><\/iframe><\/p>\n<\/div>\n<\/div><\/div><\/div><\/div><\/div><div id=\"pg-455-5\"  class=\"panel-grid panel-has-style\" ><div class=\"panel-row-style panel-row-style-for-455-5\" ><div id=\"pgc-455-5-0\"  class=\"panel-grid-cell\" ><div id=\"panel-455-5-0-0\" class=\"so-panel widget widget_sow-editor panel-first-child\" data-index=\"16\" ><div class=\"so-widget-sow-editor so-widget-sow-editor-base\">\n<div class=\"siteorigin-widget-tinymce textwidget\">\n\t<h3>KOHINOOR BAZ\u00c1R | <span style=\"color: #bf8f00;\">SZEGED<\/span><\/h3>\n<\/div>\n<\/div><\/div><div id=\"panel-455-5-0-1\" class=\"so-panel widget widget_sow-editor\" data-index=\"17\" ><div class=\"so-widget-sow-editor so-widget-sow-editor-base\">\n<div class=\"siteorigin-widget-tinymce textwidget\">\n\t<div class=\"title-holder\"><svg class=\"svg-inline--fa fa-phone fa-w-16\" aria-hidden=\"true\" data-prefix=\"fas\" data-icon=\"phone\" role=\"img\" xmlns=\"http:\/\/www.w3.org\/2000\/svg\" viewBox=\"0 0 512 512\" data-fa-i2svg=\"\"><path fill=\"currentColor\" d=\"M493.4 24.6l-104-24c-11.3-2.6-22.9 3.3-27.5 13.9l-48 112c-4.2 9.8-1.4 21.3 6.9 28l60.6 49.6c-36 76.7-98.9 140.5-177.2 177.2l-49.6-60.6c-6.8-8.3-18.2-11.1-28-6.9l-112 48C3.9 366.5-2 378.1.6 389.4l24 104C27.1 504.2 36.7 512 48 512c256.1 0 464-207.5 464-464 0-11.2-7.7-20.9-18.6-23.4z\"><\/path><\/svg> +36 (30) 916 0600<\/div>\n<div class=\"author-bio-content\">\n<svg class=\"svg-inline--fa fa-map-marker-alt fa-w-12\" aria-hidden=\"true\" data-prefix=\"fas\" data-icon=\"map-marker-alt\" role=\"img\" xmlns=\"http:\/\/www.w3.org\/2000\/svg\" viewBox=\"0 0 384 512\" data-fa-i2svg=\"\"><path fill=\"currentColor\" d=\"M172.268 501.67C26.97 291.031 0 269.413 0 192 0 85.961 85.961 0 192 0s192 85.961 192 192c0 77.413-26.97 99.031-172.268 309.67-9.535 13.774-29.93 13.773-39.464 0zM192 272c44.183 0 80-35.817 80-80s-35.817-80-80-80-80 35.817-80 80 35.817 80 80 80z\"><\/path><\/svg> M\u00e9rey utca 6B Szeged 6722\n<\/div>\n<\/div>\n<\/div><\/div><div id=\"panel-455-5-0-2\" class=\"so-panel widget widget_sow-editor\" data-index=\"18\" ><div class=\"panel-widget-style panel-widget-style-for-455-5-0-2\" ><div class=\"so-widget-sow-editor so-widget-sow-editor-base\">\n<div class=\"siteorigin-widget-tinymce textwidget\">\n\t<h4 style=\"margin: 0;\">Follow us on Facebook!<\/h4>\n<\/div>\n<\/div><\/div><\/div><div id=\"panel-455-5-0-3\" class=\"so-panel widget widget_sow-social-media-buttons panel-last-child\" data-index=\"19\" ><div class=\"so-widget-sow-social-media-buttons so-widget-sow-social-media-buttons-wire-55301992b343\">\n\n<div class=\"social-media-button-container\">\n\t\n\t\t<a class=\"ow-button-hover sow-social-media-button-facebook-0 sow-social-media-button\" title=\"Kohinoor Baz\u00e1r on Facebook\" aria-label=\"Kohinoor Baz\u00e1r on Facebook\" target=\"_blank\" rel=\"noopener noreferrer\" href=\"https:\/\/www.facebook.com\/kohinoorbazarszeged\/\" >\n\t\t\t<span>\n\t\t\t\t\t\t\t\t<span class=\"sow-icon-fontawesome sow-fab\" data-sow-icon=\"&#xf39e;\"\n\t\t ><\/span>\t\t\t\t\t\t\t<\/span>\n\t\t<\/a>\n\t<\/div>\n<\/div><\/div><\/div><div id=\"pgc-455-5-1\"  class=\"panel-grid-cell\" ><div id=\"panel-455-5-1-0\" class=\"so-panel widget widget_sow-editor panel-first-child\" data-index=\"20\" ><div class=\"so-widget-sow-editor so-widget-sow-editor-base\">\n<div class=\"siteorigin-widget-tinymce textwidget\">\n\t<div class=\"title-holder\">\n<div dir=\"auto\">\n<div dir=\"auto\">\n<div dir=\"auto\">\n<div dir=\"auto\"><strong>Opening Hours<\/strong><\/div>\n<div dir=\"auto\">Monday-Friday <span style=\"color: #339966;\">10:00-19:00<\/span><\/div>\n<div dir=\"auto\">Saturday <span style=\"color: #339966;\">10:00-18:00<\/span><\/div>\n<div dir=\"auto\">Sunday <span style=\"color: #ff0000;\">Closed<\/span><\/div>\n<\/div>\n<\/div>\n<\/div>\n<\/div>\n<\/div>\n<\/div><\/div><div id=\"panel-455-5-1-1\" class=\"so-panel widget widget_sow-editor panel-last-child\" data-index=\"21\" ><div class=\"so-widget-sow-editor so-widget-sow-editor-base\">\n<div class=\"siteorigin-widget-tinymce textwidget\">\n\t<p><iframe src=\"https:\/\/www.google.com\/maps\/embed?pb=!4v1662545474202!6m8!1m7!1sCAoSLEFGMVFpcE5KWTNlcWJKRGt5RmtqNlp2TUdfajRjS2hVOUg2WXBCV0thZDhB!2m2!1d46.2557084!2d20.1457708!3f212.92!4f0.010000000000005116!5f0.7820865974627469\" width=\"100%\" height=\"250\" allowfullscreen=\"allowfullscreen\" loading=\"lazy\" referrerpolicy=\"no-referrer-when-downgrade\"><\/iframe><\/p>\n<\/div>\n<\/div><\/div><\/div><\/div><\/div><div id=\"pg-455-6\"  class=\"panel-grid panel-has-style\" ><div class=\"siteorigin-panels-stretch panel-row-style panel-row-style-for-455-6\" data-stretch-type=\"full\" ><div id=\"pgc-455-6-0\"  class=\"panel-grid-cell\" ><div id=\"panel-455-6-0-0\" class=\"so-panel widget widget_sow-contact-form panel-first-child panel-last-child\" data-index=\"22\" ><div class=\"panel-widget-style panel-widget-style-for-455-6-0-0\" ><div class=\"so-widget-sow-contact-form so-widget-sow-contact-form-default-7a0a5f0eff1f\"><h3 class=\"widget-title\">Do you have a question?<\/h3>\t<form action=\"\/en\/wp-json\/wp\/v2\/pages\/455#contact-form-0e2a\"\n          method=\"POST\" class=\"sow-contact-form\" id=\"contact-form-0e2a\">\n\n\t\t\n\t\t            <div class=\"sow-form-field sow-form-field-name\"><label class=\"sow-form-field-label-above\" for=\"sow-contact-form-field-name-441306601609ab314e31af267557198\">\n\t\t\t\t<strong>\n\t\t\t\t\tName\t\t\t\t\t\t\t\t\t<\/strong>\n\t\t\t<\/label>\n\t\t\t<span class=\"sow-field-container\">\t\t<input type=\"text\" name=\"name-441306601609ab314e31af267557198\" id=\"sow-contact-form-field-name-441306601609ab314e31af267557198\" value=\"\" class=\"sow-text-field\"\/>\n\t\t<\/span><\/div>            <div class=\"sow-form-field sow-form-field-email\"><label class=\"sow-form-field-label-above\" for=\"sow-contact-form-field-e-mail-441306601609ab314e31af267557198\">\n\t\t\t\t<strong>\n\t\t\t\t\tE-mail\t\t\t\t\t\t\t\t\t<\/strong>\n\t\t\t<\/label>\n\t\t\t<span class=\"sow-field-container\">\t\t<input type=\"email\" name=\"e-mail-441306601609ab314e31af267557198\" id=\"sow-contact-form-field-e-mail-441306601609ab314e31af267557198\" value=\"\" class=\"sow-text-field\"\/>\n\t\t<\/span><\/div>            <div class=\"sow-form-field sow-form-field-subject\"><label class=\"sow-form-field-label-above\" for=\"sow-contact-form-field-subject-441306601609ab314e31af267557198\">\n\t\t\t\t<strong>\n\t\t\t\t\tSubject\t\t\t\t\t\t\t\t\t<\/strong>\n\t\t\t<\/label>\n\t\t\t<span class=\"sow-field-container\">\t\t<input type=\"text\" name=\"subject-441306601609ab314e31af267557198\" id=\"sow-contact-form-field-subject-441306601609ab314e31af267557198\" value=\"\" class=\"sow-text-field\"\/>\n\t\t<\/span><\/div>            <div class=\"sow-form-field sow-form-field-textarea\"><label class=\"sow-form-field-label-above\" for=\"sow-contact-form-field-message-441306601609ab314e31af267557198\">\n\t\t\t\t<strong>\n\t\t\t\t\tMessage\t\t\t\t\t\t\t\t\t<\/strong>\n\t\t\t<\/label>\n\t\t\t<span class=\"sow-field-container\">\t\t<textarea name=\"message-441306601609ab314e31af267557198\" id=\"sow-contact-form-field-message-441306601609ab314e31af267557198\" rows=\"10\"><\/textarea>\n\t\t<\/span><\/div>\t\t<input type=\"hidden\" name=\"instance_hash\" value=\"0e2aae81cb4b616dc8f3b81f8b3d4e80\" \/>\n\t\t<input type=\"hidden\" id=\"_wpnonce\" name=\"_wpnonce\" value=\"8c72e9ea89\" \/><input type=\"hidden\" name=\"_wp_http_referer\" value=\"\/en\/wp-json\/wp\/v2\/pages\/455\" \/>\n\t\t\n\t\t<div class=\"sow-submit-wrapper sow-submit-styled\">\n\t\t\t<input type=\"submit\" value=\"Submit\" class=\"sow-submit\"\n\t\t\t\t   \t\t\t>\n\t\t<\/div>\n\t<\/form>\n\t<\/div><\/div><\/div><\/div><\/div><\/div><\/div>","protected":false},"excerpt":{"rendered":"<p>Central telephone number+36 (1) 787 9105 AddressJ\u00f3zsef krt. 23 Budapest 1085 Our stores KOHINOOR BAZ\u00c1R | BUDAPEST +36 (1) 787 9105 J\u00f3zsef krt. 23 Budapest 1085 Follow us on Facebook! Opening Hours Monday-Friday 10:00-20:00 Saturday 10:00-17:00 Sunday Closed KOHINOOR BAZ\u00c1R | DEBRECEN +36 (30) 296 5720 Darabos utca 4 Debrecen 4026 Follow us on Facebook! &hellip; <\/p>\n","protected":false},"author":1,"featured_media":0,"parent":0,"menu_order":0,"comment_status":"closed","ping_status":"closed","template":"","meta":{"footnotes":""},"class_list":["post-455","page","type-page","status-publish","hentry","latest_post"],"yoast_head":"<!-- This site is optimized with the Yoast SEO plugin v16.3 - https:\/\/yoast.com\/wordpress\/plugins\/seo\/ -->\n<title>Contact - Kohinoor Baz\u00e1r<\/title>\n<meta name=\"robots\" content=\"index, follow, max-snippet:-1, max-image-preview:large, max-video-preview:-1\" \/>\n<link rel=\"canonical\" href=\"https:\/\/kohinoorbazar.com\/kapcsolat\/\" \/>\n<meta property=\"og:locale\" content=\"en_GB\" \/>\n<meta property=\"og:type\" content=\"article\" \/>\n<meta property=\"og:title\" content=\"Contact\" \/>\n<meta property=\"og:description\" content=\"Central telephone number+36 (1) 787 9105 AddressJ\u00f3zsef krt. 23 Budapest 1085 Our stores KOHINOOR BAZ\u00c1R | BUDAPEST +36 (1) 787 9105 J\u00f3zsef krt. 23 Budapest 1085 Follow us on Facebook! Opening Hours Monday-Friday 10:00-20:00 Saturday 10:00-17:00 Sunday Closed KOHINOOR BAZ\u00c1R | DEBRECEN +36 (30) 296 5720 Darabos utca 4 Debrecen 4026 Follow us on Facebook! &hellip;\" \/>\n<meta property=\"og:url\" content=\"https:\/\/kohinoorbazar.com\/kapcsolat\/\" \/>\n<meta property=\"og:site_name\" content=\"Kohinoor Baz\u00e1r\" \/>\n<meta property=\"article:modified_time\" content=\"2022-09-16T12:06:47+00:00\" \/>\n<meta name=\"twitter:card\" content=\"summary_large_image\" \/>\n<meta name=\"twitter:label1\" content=\"Estimated reading time\">\n\t<meta name=\"twitter:data1\" content=\"1 minute\">\n<script type=\"application\/ld+json\" class=\"yoast-schema-graph\">{\"@context\":\"https:\/\/schema.org\",\"@graph\":[{\"@type\":\"WebSite\",\"@id\":\"http:\/\/kohinoorbazar.com\/#website\",\"url\":\"http:\/\/kohinoorbazar.com\/\",\"name\":\"Kohinoor Baz\\u00e1r\",\"description\":\"\",\"potentialAction\":[{\"@type\":\"SearchAction\",\"target\":\"http:\/\/kohinoorbazar.com\/?s={search_term_string}\",\"query-input\":\"required name=search_term_string\"}],\"inLanguage\":\"en-GB\"},{\"@type\":\"WebPage\",\"@id\":\"https:\/\/kohinoorbazar.com\/kapcsolat\/#webpage\",\"url\":\"https:\/\/kohinoorbazar.com\/kapcsolat\/\",\"name\":\"[:hu]Kapcsolat[:en]Contact[:] - Kohinoor Baz\\u00e1r\",\"isPartOf\":{\"@id\":\"http:\/\/kohinoorbazar.com\/#website\"},\"datePublished\":\"2021-04-29T11:37:26+00:00\",\"dateModified\":\"2022-09-16T12:06:47+00:00\",\"breadcrumb\":{\"@id\":\"https:\/\/kohinoorbazar.com\/kapcsolat\/#breadcrumb\"},\"inLanguage\":\"en-GB\",\"potentialAction\":[{\"@type\":\"ReadAction\",\"target\":[\"https:\/\/kohinoorbazar.com\/kapcsolat\/\"]}]},{\"@type\":\"BreadcrumbList\",\"@id\":\"https:\/\/kohinoorbazar.com\/kapcsolat\/#breadcrumb\",\"itemListElement\":[{\"@type\":\"ListItem\",\"position\":1,\"item\":{\"@type\":\"WebPage\",\"@id\":\"http:\/\/kohinoorbazar.com\/\",\"url\":\"http:\/\/kohinoorbazar.com\/\",\"name\":\"Kezd\\u0151lap\"}},{\"@type\":\"ListItem\",\"position\":2,\"item\":{\"@id\":\"https:\/\/kohinoorbazar.com\/kapcsolat\/#webpage\"}}]}]}<\/script>\n<!-- \/ Yoast SEO plugin. -->","_links":{"self":[{"href":"https:\/\/kohinoorbazar.com\/en\/wp-json\/wp\/v2\/pages\/455","targetHints":{"allow":["GET"]}}],"collection":[{"href":"https:\/\/kohinoorbazar.com\/en\/wp-json\/wp\/v2\/pages"}],"about":[{"href":"https:\/\/kohinoorbazar.com\/en\/wp-json\/wp\/v2\/types\/page"}],"author":[{"embeddable":true,"href":"https:\/\/kohinoorbazar.com\/en\/wp-json\/wp\/v2\/users\/1"}],"replies":[{"embeddable":true,"href":"https:\/\/kohinoorbazar.com\/en\/wp-json\/wp\/v2\/comments?post=455"}],"version-history":[{"count":128,"href":"https:\/\/kohinoorbazar.com\/en\/wp-json\/wp\/v2\/pages\/455\/revisions"}],"predecessor-version":[{"id":1333,"href":"https:\/\/kohinoorbazar.com\/en\/wp-json\/wp\/v2\/pages\/455\/revisions\/1333"}],"wp:attachment":[{"href":"https:\/\/kohinoorbazar.com\/en\/wp-json\/wp\/v2\/media?parent=455"}],"curies":[{"name":"wp","href":"https:\/\/api.w.org\/{rel}","templated":true}]}}